{"id":3004,"date":"2025-03-25T15:56:49","date_gmt":"2025-03-25T07:56:49","guid":{"rendered":"https:\/\/sharewalker.com\/?post_type=product&#038;p=3004"},"modified":"2025-03-25T15:56:49","modified_gmt":"2025-03-25T07:56:49","slug":"arabic-multilingual-investment-and-wealth-management-system-crowdfunding-feature-vue-js-frontend-backend-customizable-project-types","status":"publish","type":"product","link":"https:\/\/sharewalker.com\/pt\/produto\/sistema-de-gestao-de-investimentos-e-patrimonio-multilingue-em-arabe-funcionalidade-de-crowdfunding-vue-js-frontend-backend-tipos-de-projectos-personalizaveis\/","title":{"rendered":"Sistema \u00e1rabe multilingue de gest\u00e3o de investimentos e patrim\u00f3nio | Funcionalidade de crowdfunding | Vue.js Frontend | Backend Tipos de projectos personaliz\u00e1veis"},"content":{"rendered":"<p>As principais carater\u00edsticas do sistema incluem.<\/p>\n<p>Suporte multilingue: O frontend oferece vers\u00f5es em v\u00e1rios idiomas, garantindo uma experi\u00eancia perfeita para os utilizadores de l\u00edngua \u00e1rabe.<\/p>\n<p>Funcionalidade Crowdfunding: Os investidores podem participar em projectos de crowdfunding, expandindo as oportunidades de investimento.<\/p>\n<p>Vue.js Frontend: Utiliza a estrutura Vue.js para uma interface de utilizador responsiva e interactiva.<br \/>\nVue.js<\/p>\n<p>Gest\u00e3o flex\u00edvel do backend: Os administradores podem facilmente modificar e adicionar tipos de projectos no backend, permitindo uma elevada personaliza\u00e7\u00e3o.<\/p>\n<p><img fetchpriority=\"high\" decoding=\"async\" class=\"aligncenter size-full wp-image-3005\" src=\"https:\/\/sharewalker.com\/wp-content\/uploads\/2025\/03\/10001-39.jpg\" alt=\"\" width=\"448\" height=\"300\" srcset=\"https:\/\/sharewalker.com\/wp-content\/uploads\/2025\/03\/10001-39.jpg 448w, https:\/\/sharewalker.com\/wp-content\/uploads\/2025\/03\/10001-39-300x201.jpg 300w\" sizes=\"(max-width: 448px) 100vw, 448px\" \/> <img decoding=\"async\" class=\"aligncenter size-full wp-image-3006\" src=\"https:\/\/sharewalker.com\/wp-content\/uploads\/2025\/03\/10002-40.png\" alt=\"\" width=\"400\" height=\"797\" srcset=\"https:\/\/sharewalker.com\/wp-content\/uploads\/2025\/03\/10002-40.png 400w, https:\/\/sharewalker.com\/wp-content\/uploads\/2025\/03\/10002-40-151x300.png 151w, https:\/\/sharewalker.com\/wp-content\/uploads\/2025\/03\/10002-40-300x598.png 300w\" sizes=\"(max-width: 400px) 100vw, 400px\" \/> <img decoding=\"async\" class=\"aligncenter size-full wp-image-3007\" src=\"https:\/\/sharewalker.com\/wp-content\/uploads\/2025\/03\/10003-42.png\" alt=\"\" width=\"399\" height=\"798\" srcset=\"https:\/\/sharewalker.com\/wp-content\/uploads\/2025\/03\/10003-42.png 399w, https:\/\/sharewalker.com\/wp-content\/uploads\/2025\/03\/10003-42-150x300.png 150w, https:\/\/sharewalker.com\/wp-content\/uploads\/2025\/03\/10003-42-300x600.png 300w\" sizes=\"(max-width: 399px) 100vw, 399px\" \/> <img loading=\"lazy\" decoding=\"async\" class=\"aligncenter size-full wp-image-3008\" src=\"https:\/\/sharewalker.com\/wp-content\/uploads\/2025\/03\/10004-45.png\" alt=\"\" width=\"394\" height=\"802\" \/> <img loading=\"lazy\" decoding=\"async\" class=\"aligncenter size-full wp-image-3009\" src=\"https:\/\/sharewalker.com\/wp-content\/uploads\/2025\/03\/10005-46.png\" alt=\"\" width=\"400\" height=\"800\" srcset=\"https:\/\/sharewalker.com\/wp-content\/uploads\/2025\/03\/10005-46.png 400w, https:\/\/sharewalker.com\/wp-content\/uploads\/2025\/03\/10005-46-150x300.png 150w, https:\/\/sharewalker.com\/wp-content\/uploads\/2025\/03\/10005-46-300x600.png 300w\" sizes=\"(max-width: 400px) 100vw, 400px\" \/> <img loading=\"lazy\" decoding=\"async\" class=\"aligncenter size-full wp-image-3010\" src=\"https:\/\/sharewalker.com\/wp-content\/uploads\/2025\/03\/10006-45.png\" alt=\"\" width=\"394\" height=\"803\" srcset=\"https:\/\/sharewalker.com\/wp-content\/uploads\/2025\/03\/10006-45.png 394w, https:\/\/sharewalker.com\/wp-content\/uploads\/2025\/03\/10006-45-147x300.png 147w, https:\/\/sharewalker.com\/wp-content\/uploads\/2025\/03\/10006-45-300x611.png 300w\" sizes=\"(max-width: 394px) 100vw, 394px\" \/> <img loading=\"lazy\" decoding=\"async\" class=\"aligncenter size-full wp-image-3011\" src=\"https:\/\/sharewalker.com\/wp-content\/uploads\/2025\/03\/10007-45.png\" alt=\"\" width=\"399\" height=\"811\" srcset=\"https:\/\/sharewalker.com\/wp-content\/uploads\/2025\/03\/10007-45.png 399w, https:\/\/sharewalker.com\/wp-content\/uploads\/2025\/03\/10007-45-148x300.png 148w, https:\/\/sharewalker.com\/wp-content\/uploads\/2025\/03\/10007-45-300x610.png 300w\" sizes=\"(max-width: 399px) 100vw, 399px\" \/> <img loading=\"lazy\" decoding=\"async\" class=\"aligncenter size-full wp-image-3012\" src=\"https:\/\/sharewalker.com\/wp-content\/uploads\/2025\/03\/10008-44.png\" alt=\"\" width=\"398\" height=\"795\" srcset=\"https:\/\/sharewalker.com\/wp-content\/uploads\/2025\/03\/10008-44.png 398w, https:\/\/sharewalker.com\/wp-content\/uploads\/2025\/03\/10008-44-150x300.png 150w, https:\/\/sharewalker.com\/wp-content\/uploads\/2025\/03\/10008-44-300x599.png 300w\" sizes=\"(max-width: 398px) 100vw, 398px\" \/> <img loading=\"lazy\" decoding=\"async\" class=\"aligncenter size-full wp-image-3013\" src=\"https:\/\/sharewalker.com\/wp-content\/uploads\/2025\/03\/10009-43.png\" alt=\"\" width=\"400\" height=\"799\" srcset=\"https:\/\/sharewalker.com\/wp-content\/uploads\/2025\/03\/10009-43.png 400w, https:\/\/sharewalker.com\/wp-content\/uploads\/2025\/03\/10009-43-150x300.png 150w, https:\/\/sharewalker.com\/wp-content\/uploads\/2025\/03\/10009-43-300x599.png 300w\" sizes=\"(max-width: 400px) 100vw, 400px\" \/> <img loading=\"lazy\" decoding=\"async\" class=\"aligncenter size-full wp-image-3014\" src=\"https:\/\/sharewalker.com\/wp-content\/uploads\/2025\/03\/10010-42.png\" alt=\"\" width=\"396\" height=\"795\" srcset=\"https:\/\/sharewalker.com\/wp-content\/uploads\/2025\/03\/10010-42.png 396w, https:\/\/sharewalker.com\/wp-content\/uploads\/2025\/03\/10010-42-149x300.png 149w, https:\/\/sharewalker.com\/wp-content\/uploads\/2025\/03\/10010-42-300x602.png 300w\" sizes=\"(max-width: 396px) 100vw, 396px\" \/> <img loading=\"lazy\" decoding=\"async\" class=\"aligncenter size-full wp-image-3015\" src=\"https:\/\/sharewalker.com\/wp-content\/uploads\/2025\/03\/10011-39.png\" alt=\"\" width=\"406\" height=\"811\" srcset=\"https:\/\/sharewalker.com\/wp-content\/uploads\/2025\/03\/10011-39.png 406w, https:\/\/sharewalker.com\/wp-content\/uploads\/2025\/03\/10011-39-150x300.png 150w, https:\/\/sharewalker.com\/wp-content\/uploads\/2025\/03\/10011-39-300x599.png 300w\" sizes=\"(max-width: 406px) 100vw, 406px\" \/> <img loading=\"lazy\" decoding=\"async\" class=\"aligncenter size-full wp-image-3016\" src=\"https:\/\/sharewalker.com\/wp-content\/uploads\/2025\/03\/10012-39.png\" alt=\"\" width=\"406\" height=\"803\" srcset=\"https:\/\/sharewalker.com\/wp-content\/uploads\/2025\/03\/10012-39.png 406w, https:\/\/sharewalker.com\/wp-content\/uploads\/2025\/03\/10012-39-152x300.png 152w, https:\/\/sharewalker.com\/wp-content\/uploads\/2025\/03\/10012-39-300x593.png 300w\" sizes=\"(max-width: 406px) 100vw, 406px\" \/> <img loading=\"lazy\" decoding=\"async\" class=\"aligncenter size-full wp-image-3017\" src=\"https:\/\/sharewalker.com\/wp-content\/uploads\/2025\/03\/10013-37.png\" alt=\"\" width=\"400\" height=\"796\" srcset=\"https:\/\/sharewalker.com\/wp-content\/uploads\/2025\/03\/10013-37.png 400w, https:\/\/sharewalker.com\/wp-content\/uploads\/2025\/03\/10013-37-151x300.png 151w, https:\/\/sharewalker.com\/wp-content\/uploads\/2025\/03\/10013-37-300x597.png 300w\" sizes=\"(max-width: 400px) 100vw, 400px\" \/> <img loading=\"lazy\" decoding=\"async\" class=\"aligncenter size-full wp-image-3018\" src=\"https:\/\/sharewalker.com\/wp-content\/uploads\/2025\/03\/10014-31.png\" alt=\"\" width=\"398\" height=\"800\" srcset=\"https:\/\/sharewalker.com\/wp-content\/uploads\/2025\/03\/10014-31.png 398w, https:\/\/sharewalker.com\/wp-content\/uploads\/2025\/03\/10014-31-149x300.png 149w, https:\/\/sharewalker.com\/wp-content\/uploads\/2025\/03\/10014-31-300x603.png 300w\" sizes=\"(max-width: 398px) 100vw, 398px\" \/> <img loading=\"lazy\" decoding=\"async\" class=\"aligncenter size-full wp-image-3019\" src=\"https:\/\/sharewalker.com\/wp-content\/uploads\/2025\/03\/10015-29.png\" alt=\"\" width=\"399\" height=\"794\" srcset=\"https:\/\/sharewalker.com\/wp-content\/uploads\/2025\/03\/10015-29.png 399w, https:\/\/sharewalker.com\/wp-content\/uploads\/2025\/03\/10015-29-151x300.png 151w, https:\/\/sharewalker.com\/wp-content\/uploads\/2025\/03\/10015-29-300x597.png 300w\" sizes=\"(max-width: 399px) 100vw, 399px\" \/> <img loading=\"lazy\" decoding=\"async\" class=\"aligncenter size-full wp-image-3020\" src=\"https:\/\/sharewalker.com\/wp-content\/uploads\/2025\/03\/10016-25.png\" alt=\"\" width=\"399\" height=\"794\" srcset=\"https:\/\/sharewalker.com\/wp-content\/uploads\/2025\/03\/10016-25.png 399w, https:\/\/sharewalker.com\/wp-content\/uploads\/2025\/03\/10016-25-151x300.png 151w, https:\/\/sharewalker.com\/wp-content\/uploads\/2025\/03\/10016-25-300x597.png 300w\" sizes=\"(max-width: 399px) 100vw, 399px\" \/> <img loading=\"lazy\" decoding=\"async\" class=\"aligncenter size-full wp-image-3021\" src=\"https:\/\/sharewalker.com\/wp-content\/uploads\/2025\/03\/10017-18.png\" alt=\"\" width=\"1920\" height=\"912\" srcset=\"https:\/\/sharewalker.com\/wp-content\/uploads\/2025\/03\/10017-18.png 1920w, https:\/\/sharewalker.com\/wp-content\/uploads\/2025\/03\/10017-18-300x143.png 300w, https:\/\/sharewalker.com\/wp-content\/uploads\/2025\/03\/10017-18-1024x486.png 1024w, https:\/\/sharewalker.com\/wp-content\/uploads\/2025\/03\/10017-18-768x365.png 768w, https:\/\/sharewalker.com\/wp-content\/uploads\/2025\/03\/10017-18-1536x730.png 1536w\" sizes=\"(max-width: 1920px) 100vw, 1920px\" \/> <img loading=\"lazy\" decoding=\"async\" class=\"aligncenter size-full wp-image-3022\" src=\"https:\/\/sharewalker.com\/wp-content\/uploads\/2025\/03\/10018-17.png\" alt=\"\" width=\"1920\" height=\"910\" srcset=\"https:\/\/sharewalker.com\/wp-content\/uploads\/2025\/03\/10018-17.png 1920w, https:\/\/sharewalker.com\/wp-content\/uploads\/2025\/03\/10018-17-300x142.png 300w, https:\/\/sharewalker.com\/wp-content\/uploads\/2025\/03\/10018-17-1024x485.png 1024w, https:\/\/sharewalker.com\/wp-content\/uploads\/2025\/03\/10018-17-768x364.png 768w, https:\/\/sharewalker.com\/wp-content\/uploads\/2025\/03\/10018-17-1536x728.png 1536w\" sizes=\"(max-width: 1920px) 100vw, 1920px\" \/> <img loading=\"lazy\" decoding=\"async\" class=\"aligncenter size-full wp-image-3023\" src=\"https:\/\/sharewalker.com\/wp-content\/uploads\/2025\/03\/10019-10.png\" alt=\"\" width=\"1920\" height=\"914\" srcset=\"https:\/\/sharewalker.com\/wp-content\/uploads\/2025\/03\/10019-10.png 1920w, https:\/\/sharewalker.com\/wp-content\/uploads\/2025\/03\/10019-10-300x143.png 300w, https:\/\/sharewalker.com\/wp-content\/uploads\/2025\/03\/10019-10-1024x487.png 1024w, https:\/\/sharewalker.com\/wp-content\/uploads\/2025\/03\/10019-10-768x366.png 768w, https:\/\/sharewalker.com\/wp-content\/uploads\/2025\/03\/10019-10-1536x731.png 1536w\" sizes=\"(max-width: 1920px) 100vw, 1920px\" \/><\/p>","protected":false},"excerpt":{"rendered":"<p>Este sistema foi concebido para o mercado \u00e1rabe, oferecendo suporte multilingue e capacidades de financiamento coletivo. Constru\u00eddo com um frontend Vue.js para uma experi\u00eancia de utilizador suave, o backend flex\u00edvel permite a modifica\u00e7\u00e3o e adi\u00e7\u00e3o de v\u00e1rios tipos de projectos para satisfazer diversas necessidades de investimento.<\/p>","protected":false},"featured_media":3008,"comment_status":"open","ping_status":"closed","template":"","meta":{"_uag_custom_page_level_css":"","site-sidebar-layout":"default","site-content-layout":"","ast-site-content-layout":"default","site-content-style":"default","site-sidebar-style":"default","ast-global-header-display":"","ast-banner-title-visibility":"","ast-main-header-display":"","ast-hfb-above-header-display":"","ast-hfb-below-header-display":"","ast-hfb-mobile-header-display":"","site-post-title":"","ast-breadcrumbs-content":"","ast-featured-img":"","footer-sml-layout":"","theme-transparent-header-meta":"default","adv-header-id-meta":"","stick-header-meta":"","header-above-stick-meta":"","header-main-stick-meta":"","header-below-stick-meta":"","astra-migrate-meta-layouts":"set","ast-page-background-enabled":"default","ast-page-background-meta":{"desktop":{"background-color":"var(--ast-global-color-4)","background-image":"","background-repeat":"repeat","background-position":"center center","background-size":"auto","background-attachment":"scroll","background-type":"","background-media":"","overlay-type":"","overlay-color":"","overlay-opacity":"","overlay-gradient":""},"tablet":{"background-color":"","background-image":"","background-repeat":"repeat","background-position":"center center","background-size":"auto","background-attachment":"scroll","background-type":"","background-media":"","overlay-type":"","overlay-color":"","overlay-opacity":"","overlay-gradient":""},"mobile":{"background-color":"","background-image":"","background-repeat":"repeat","background-position":"center center","background-size":"auto","background-attachment":"scroll","background-type":"","background-media":"","overlay-type":"","overlay-color":"","overlay-opacity":"","overlay-gradient":""}},"ast-content-background-meta":{"desktop":{"background-color":"var(--ast-global-color-5)","background-image":"","background-repeat":"repeat","background-position":"center center","background-size":"auto","background-attachment":"scroll","background-type":"","background-media":"","overlay-type":"","overlay-color":"","overlay-opacity":"","overlay-gradient":""},"tablet":{"background-color":"var(--ast-global-color-5)","background-image":"","background-repeat":"repeat","background-position":"center center","background-size":"auto","background-attachment":"scroll","background-type":"","background-media":"","overlay-type":"","overlay-color":"","overlay-opacity":"","overlay-gradient":""},"mobile":{"background-color":"var(--ast-global-color-5)","background-image":"","background-repeat":"repeat","background-position":"center center","background-size":"auto","background-attachment":"scroll","background-type":"","background-media":"","overlay-type":"","overlay-color":"","overlay-opacity":"","overlay-gradient":""}}},"product_brand":[],"product_cat":[60],"product_tag":[323,325,327,324,326],"class_list":{"0":"post-3004","1":"product","2":"type-product","3":"status-publish","4":"has-post-thumbnail","6":"product_cat-investment-wealth-management","7":"product_tag-arabic-wealth-management-system","8":"product_tag-crowdfunding-system","9":"product_tag-customizable-project-types","10":"product_tag-investment-platform","11":"product_tag-vue-js-frontend","12":"desktop-align-left","13":"tablet-align-left","14":"mobile-align-left","16":"first","17":"instock","18":"shipping-taxable","19":"product-type-simple"},"uagb_featured_image_src":{"full":["https:\/\/sharewalker.com\/wp-content\/uploads\/2025\/03\/10004-45-e1742889398939.png",394,397,false],"thumbnail":["https:\/\/sharewalker.com\/wp-content\/uploads\/2025\/03\/10004-45-e1742889398939-150x150.png",150,150,true],"medium":["https:\/\/sharewalker.com\/wp-content\/uploads\/2025\/03\/10004-45-e1742889398939-298x300.png",298,300,true],"medium_large":["https:\/\/sharewalker.com\/wp-content\/uploads\/2025\/03\/10004-45-e1742889398939.png",394,397,false],"large":["https:\/\/sharewalker.com\/wp-content\/uploads\/2025\/03\/10004-45-e1742889398939.png",394,397,false],"1536x1536":["https:\/\/sharewalker.com\/wp-content\/uploads\/2025\/03\/10004-45-e1742889398939.png",394,397,false],"2048x2048":["https:\/\/sharewalker.com\/wp-content\/uploads\/2025\/03\/10004-45-e1742889398939.png",394,397,false],"trp-custom-language-flag":["https:\/\/sharewalker.com\/wp-content\/uploads\/2025\/03\/10004-45-e1742889398939.png",12,12,false],"woocommerce_thumbnail":["https:\/\/sharewalker.com\/wp-content\/uploads\/2025\/03\/10004-45-e1742889398939-300x300.png",300,300,true],"woocommerce_single":["https:\/\/sharewalker.com\/wp-content\/uploads\/2025\/03\/10004-45-e1742889398939-300x302.png",300,302,true],"woocommerce_gallery_thumbnail":["https:\/\/sharewalker.com\/wp-content\/uploads\/2025\/03\/10004-45-e1742889398939-100x100.png",100,100,true]},"uagb_author_info":{"display_name":"admin","author_link":"https:\/\/sharewalker.com\/pt\/author\/"},"uagb_comment_info":0,"uagb_excerpt":"This system is tailored for the Arabic market, offering multilingual support and crowdfunding capabilities. Built with a Vue.js frontend for a smooth user experience, the flexible backend allows modification and addition of various project types to meet diverse investment needs.\u200b","_links":{"self":[{"href":"https:\/\/sharewalker.com\/pt\/wp-json\/wp\/v2\/product\/3004","targetHints":{"allow":["GET"]}}],"collection":[{"href":"https:\/\/sharewalker.com\/pt\/wp-json\/wp\/v2\/product"}],"about":[{"href":"https:\/\/sharewalker.com\/pt\/wp-json\/wp\/v2\/types\/product"}],"replies":[{"embeddable":true,"href":"https:\/\/sharewalker.com\/pt\/wp-json\/wp\/v2\/comments?post=3004"}],"version-history":[{"count":0,"href":"https:\/\/sharewalker.com\/pt\/wp-json\/wp\/v2\/product\/3004\/revisions"}],"wp:featuredmedia":[{"embeddable":true,"href":"https:\/\/sharewalker.com\/pt\/wp-json\/wp\/v2\/media\/3008"}],"wp:attachment":[{"href":"https:\/\/sharewalker.com\/pt\/wp-json\/wp\/v2\/media?parent=3004"}],"wp:term":[{"taxonomy":"product_brand","embeddable":true,"href":"https:\/\/sharewalker.com\/pt\/wp-json\/wp\/v2\/product_brand?post=3004"},{"taxonomy":"product_cat","embeddable":true,"href":"https:\/\/sharewalker.com\/pt\/wp-json\/wp\/v2\/product_cat?post=3004"},{"taxonomy":"product_tag","embeddable":true,"href":"https:\/\/sharewalker.com\/pt\/wp-json\/wp\/v2\/product_tag?post=3004"}],"curies":[{"name":"wp","href":"https:\/\/api.w.org\/{rel}","templated":true}]}}