{"id":3184,"date":"2025-03-25T17:23:53","date_gmt":"2025-03-25T09:23:53","guid":{"rendered":"https:\/\/sharewalker.com\/?post_type=product&#038;p=3184"},"modified":"2025-03-25T17:24:14","modified_gmt":"2025-03-25T09:24:14","slug":"overseas-film-investment-and-financial-management-system-shared-fund-pool-management-innovative-investment-model","status":"publish","type":"product","link":"https:\/\/sharewalker.com\/pt\/produto\/sistema-de-investimento-e-gestao-financeira-de-filmes-ultramarinos-gestao-de-fundos-comuns-modelo-de-investimento-inovador\/","title":{"rendered":"Sistema de gest\u00e3o financeira e de investimento do cinema ultramarino | Gest\u00e3o de fundos partilhados | Modelo de investimento inovador"},"content":{"rendered":"<p>As principais carater\u00edsticas do sistema incluem.<\/p>\n<p>Investimento em filmes no estrangeiro: Centra-se em investimentos em projectos cinematogr\u00e1ficos no estrangeiro, permitindo aos utilizadores participar em projectos cinematogr\u00e1ficos globais e alargar os horizontes de investimento.<\/p>\n<p>Gest\u00e3o de fundos comuns partilhados: Fornece funcionalidades de gest\u00e3o de fundos comuns para garantir um fluxo de fundos transparente e salvaguardar a seguran\u00e7a do investimento do utilizador.<\/p>\n<p>Modelo de investimento inovador: Utiliza modelos de investimento \u00fanicos, oferecendo aos utilizadores retornos de investimento diversificados e melhorando a experi\u00eancia de investimento.<\/p>\n<p><img fetchpriority=\"high\" decoding=\"async\" class=\"aligncenter size-full wp-image-3185\" src=\"https:\/\/sharewalker.com\/wp-content\/uploads\/2025\/03\/10001-49.jpg\" alt=\"\" width=\"1001\" height=\"1080\" \/> <img decoding=\"async\" class=\"aligncenter size-full wp-image-3186\" src=\"https:\/\/sharewalker.com\/wp-content\/uploads\/2025\/03\/10002-17.jpg\" alt=\"\" width=\"1440\" height=\"1038\" srcset=\"https:\/\/sharewalker.com\/wp-content\/uploads\/2025\/03\/10002-17.jpg 1440w, https:\/\/sharewalker.com\/wp-content\/uploads\/2025\/03\/10002-17-300x216.jpg 300w, https:\/\/sharewalker.com\/wp-content\/uploads\/2025\/03\/10002-17-1024x738.jpg 1024w, https:\/\/sharewalker.com\/wp-content\/uploads\/2025\/03\/10002-17-768x554.jpg 768w\" sizes=\"(max-width: 1440px) 100vw, 1440px\" \/> <img decoding=\"async\" class=\"aligncenter size-full wp-image-3187\" src=\"https:\/\/sharewalker.com\/wp-content\/uploads\/2025\/03\/10003-14.jpg\" alt=\"\" width=\"1440\" height=\"1032\" srcset=\"https:\/\/sharewalker.com\/wp-content\/uploads\/2025\/03\/10003-14.jpg 1440w, https:\/\/sharewalker.com\/wp-content\/uploads\/2025\/03\/10003-14-300x215.jpg 300w, https:\/\/sharewalker.com\/wp-content\/uploads\/2025\/03\/10003-14-1024x734.jpg 1024w, https:\/\/sharewalker.com\/wp-content\/uploads\/2025\/03\/10003-14-768x550.jpg 768w\" sizes=\"(max-width: 1440px) 100vw, 1440px\" \/> <img loading=\"lazy\" decoding=\"async\" class=\"aligncenter size-full wp-image-3188\" src=\"https:\/\/sharewalker.com\/wp-content\/uploads\/2025\/03\/10004-11.jpg\" alt=\"\" width=\"1440\" height=\"787\" srcset=\"https:\/\/sharewalker.com\/wp-content\/uploads\/2025\/03\/10004-11.jpg 1440w, https:\/\/sharewalker.com\/wp-content\/uploads\/2025\/03\/10004-11-300x164.jpg 300w, https:\/\/sharewalker.com\/wp-content\/uploads\/2025\/03\/10004-11-1024x560.jpg 1024w, https:\/\/sharewalker.com\/wp-content\/uploads\/2025\/03\/10004-11-768x420.jpg 768w\" sizes=\"(max-width: 1440px) 100vw, 1440px\" \/> <img loading=\"lazy\" decoding=\"async\" class=\"aligncenter size-full wp-image-3189\" src=\"https:\/\/sharewalker.com\/wp-content\/uploads\/2025\/03\/10005-6.jpg\" alt=\"\" width=\"1440\" height=\"788\" srcset=\"https:\/\/sharewalker.com\/wp-content\/uploads\/2025\/03\/10005-6.jpg 1440w, https:\/\/sharewalker.com\/wp-content\/uploads\/2025\/03\/10005-6-300x164.jpg 300w, https:\/\/sharewalker.com\/wp-content\/uploads\/2025\/03\/10005-6-1024x560.jpg 1024w, https:\/\/sharewalker.com\/wp-content\/uploads\/2025\/03\/10005-6-768x420.jpg 768w\" sizes=\"(max-width: 1440px) 100vw, 1440px\" \/><\/p>","protected":false},"excerpt":{"rendered":"<p>Um sistema de gest\u00e3o financeira adaptado aos investimentos em filmes no estrangeiro, que oferece funcionalidades de gest\u00e3o de fundos comuns e utiliza modelos de investimento inovadores para ajudar os utilizadores a participarem em investimentos em projectos cinematogr\u00e1ficos e a obterem uma valoriza\u00e7\u00e3o do patrim\u00f3nio.<\/p>","protected":false},"featured_media":3185,"comment_status":"open","ping_status":"closed","template":"","meta":{"_uag_custom_page_level_css":"","site-sidebar-layout":"default","site-content-layout":"","ast-site-content-layout":"default","site-content-style":"default","site-sidebar-style":"default","ast-global-header-display":"","ast-banner-title-visibility":"","ast-main-header-display":"","ast-hfb-above-header-display":"","ast-hfb-below-header-display":"","ast-hfb-mobile-header-display":"","site-post-title":"","ast-breadcrumbs-content":"","ast-featured-img":"","footer-sml-layout":"","theme-transparent-header-meta":"default","adv-header-id-meta":"","stick-header-meta":"","header-above-stick-meta":"","header-main-stick-meta":"","header-below-stick-meta":"","astra-migrate-meta-layouts":"set","ast-page-background-enabled":"default","ast-page-background-meta":{"desktop":{"background-color":"var(--ast-global-color-4)","background-image":"","background-repeat":"repeat","background-position":"center center","background-size":"auto","background-attachment":"scroll","background-type":"","background-media":"","overlay-type":"","overlay-color":"","overlay-opacity":"","overlay-gradient":""},"tablet":{"background-color":"","background-image":"","background-repeat":"repeat","background-position":"center center","background-size":"auto","background-attachment":"scroll","background-type":"","background-media":"","overlay-type":"","overlay-color":"","overlay-opacity":"","overlay-gradient":""},"mobile":{"background-color":"","background-image":"","background-repeat":"repeat","background-position":"center center","background-size":"auto","background-attachment":"scroll","background-type":"","background-media":"","overlay-type":"","overlay-color":"","overlay-opacity":"","overlay-gradient":""}},"ast-content-background-meta":{"desktop":{"background-color":"var(--ast-global-color-5)","background-image":"","background-repeat":"repeat","background-position":"center center","background-size":"auto","background-attachment":"scroll","background-type":"","background-media":"","overlay-type":"","overlay-color":"","overlay-opacity":"","overlay-gradient":""},"tablet":{"background-color":"var(--ast-global-color-5)","background-image":"","background-repeat":"repeat","background-position":"center center","background-size":"auto","background-attachment":"scroll","background-type":"","background-media":"","overlay-type":"","overlay-color":"","overlay-opacity":"","overlay-gradient":""},"mobile":{"background-color":"var(--ast-global-color-5)","background-image":"","background-repeat":"repeat","background-position":"center center","background-size":"auto","background-attachment":"scroll","background-type":"","background-media":"","overlay-type":"","overlay-color":"","overlay-opacity":"","overlay-gradient":""}}},"product_brand":[],"product_cat":[60,206],"product_tag":[358,381,379,380],"class_list":{"0":"post-3184","1":"product","2":"type-product","3":"status-publish","4":"has-post-thumbnail","6":"product_cat-investment-wealth-management","7":"product_cat-recommend","8":"product_tag-fund-pool-management","9":"product_tag-innovative-investment-model","10":"product_tag-overseas-film-investment","11":"product_tag-shared-investment","12":"desktop-align-left","13":"tablet-align-left","14":"mobile-align-left","16":"first","17":"instock","18":"shipping-taxable","19":"product-type-simple"},"uagb_featured_image_src":{"full":["https:\/\/sharewalker.com\/wp-content\/uploads\/2025\/03\/10001-49-e1742894622925.jpg",502,550,false],"thumbnail":["https:\/\/sharewalker.com\/wp-content\/uploads\/2025\/03\/10001-49-e1742894622925-150x150.jpg",150,150,true],"medium":["https:\/\/sharewalker.com\/wp-content\/uploads\/2025\/03\/10001-49-e1742894622925-274x300.jpg",274,300,true],"medium_large":["https:\/\/sharewalker.com\/wp-content\/uploads\/2025\/03\/10001-49-768x829.jpg",768,829,true],"large":["https:\/\/sharewalker.com\/wp-content\/uploads\/2025\/03\/10001-49-949x1024.jpg",949,1024,true],"1536x1536":["https:\/\/sharewalker.com\/wp-content\/uploads\/2025\/03\/10001-49-e1742894622925.jpg",502,550,false],"2048x2048":["https:\/\/sharewalker.com\/wp-content\/uploads\/2025\/03\/10001-49-e1742894622925.jpg",502,550,false],"trp-custom-language-flag":["https:\/\/sharewalker.com\/wp-content\/uploads\/2025\/03\/10001-49-e1742894622925.jpg",11,12,false],"woocommerce_thumbnail":["https:\/\/sharewalker.com\/wp-content\/uploads\/2025\/03\/10001-49-e1742894622925-300x300.jpg",300,300,true],"woocommerce_single":["https:\/\/sharewalker.com\/wp-content\/uploads\/2025\/03\/10001-49-e1742894622925-300x329.jpg",300,329,true],"woocommerce_gallery_thumbnail":["https:\/\/sharewalker.com\/wp-content\/uploads\/2025\/03\/10001-49-e1742894622925-100x100.jpg",100,100,true]},"uagb_author_info":{"display_name":"admin","author_link":"https:\/\/sharewalker.com\/pt\/author\/"},"uagb_comment_info":0,"uagb_excerpt":"A financial management system tailored for overseas film investments, offering shared fund pool management features and employing innovative investment models to help users participate in film project investments and achieve wealth appreciation.\u200b","_links":{"self":[{"href":"https:\/\/sharewalker.com\/pt\/wp-json\/wp\/v2\/product\/3184","targetHints":{"allow":["GET"]}}],"collection":[{"href":"https:\/\/sharewalker.com\/pt\/wp-json\/wp\/v2\/product"}],"about":[{"href":"https:\/\/sharewalker.com\/pt\/wp-json\/wp\/v2\/types\/product"}],"replies":[{"embeddable":true,"href":"https:\/\/sharewalker.com\/pt\/wp-json\/wp\/v2\/comments?post=3184"}],"version-history":[{"count":0,"href":"https:\/\/sharewalker.com\/pt\/wp-json\/wp\/v2\/product\/3184\/revisions"}],"wp:featuredmedia":[{"embeddable":true,"href":"https:\/\/sharewalker.com\/pt\/wp-json\/wp\/v2\/media\/3185"}],"wp:attachment":[{"href":"https:\/\/sharewalker.com\/pt\/wp-json\/wp\/v2\/media?parent=3184"}],"wp:term":[{"taxonomy":"product_brand","embeddable":true,"href":"https:\/\/sharewalker.com\/pt\/wp-json\/wp\/v2\/product_brand?post=3184"},{"taxonomy":"product_cat","embeddable":true,"href":"https:\/\/sharewalker.com\/pt\/wp-json\/wp\/v2\/product_cat?post=3184"},{"taxonomy":"product_tag","embeddable":true,"href":"https:\/\/sharewalker.com\/pt\/wp-json\/wp\/v2\/product_tag?post=3184"}],"curies":[{"name":"wp","href":"https:\/\/api.w.org\/{rel}","templated":true}]}}