{"id":9072,"date":"2025-03-29T20:50:27","date_gmt":"2025-03-29T12:50:27","guid":{"rendered":"https:\/\/sharewalker.com\/?post_type=product&#038;p=9072"},"modified":"2025-03-29T20:50:27","modified_gmt":"2025-03-29T12:50:27","slug":"playstar-net-full-featured-html5-online-gaming-platform-source-code-includes-high-yield-slots-card-games","status":"publish","type":"product","link":"https:\/\/sharewalker.com\/pt\/produto\/playstar-net-full-featured-html5-online-gaming-platform-source-code-includes-high-yield-slots-card-games\/","title":{"rendered":"C\u00f3digo-fonte da plataforma de jogos on-line em HTML5 com todos os recursos do PlayStar.net (inclui ca\u00e7a-n\u00edqueis\/jogos de cartas de alto rendimento)"},"content":{"rendered":"<p><strong>Carater\u00edsticas principais<\/strong>:<\/p>\n<ol start=\"1\">\n<li><strong>Biblioteca de jogos extensa<\/strong>: Mais de 150 modelos de jogos populares, incluindo <em>Cubo Cibern\u00e9tico<\/em>\u00a0(efeitos de cubo explosivo),\u00a0<em>Para a Horda<\/em>\u00a0(<em>Warcraft<\/em>-colabora\u00e7\u00e3o inspirada), e\u00a0<em>Mahjong Ways 3+<\/em>\u00a0(tema de mahjong chin\u00eas), com f\u00e1cil escalabilidade.<\/li>\n<li><strong>Borda t\u00e9cnica<\/strong>: Compatibilidade entre dispositivos com base em HTML5; integra compras \"Lucky Strike\", acumula\u00e7\u00e3o de multiplicadores e accionamentos de b\u00f3nus para aumentar os gastos dos jogadores.<\/li>\n<li><strong>Mec\u00e2nica de elevada recompensa<\/strong>: Os jogos apresentam pagamentos at\u00e9 100.000x, multiplicadores aleat\u00f3rios (por exemplo, 1.000x) e anima\u00e7\u00f5es din\u00e2micas para aumentar a reten\u00e7\u00e3o.<\/li>\n<li><strong>Preparado para o neg\u00f3cio<\/strong>: Gest\u00e3o completa do backend (an\u00e1lise de utilizadores, integra\u00e7\u00e3o de gateways de pagamento) e temas\/regras personaliz\u00e1veis para os operadores.<\/li>\n<\/ol>\n<p><strong>Casos de utiliza\u00e7\u00e3o<\/strong>:<\/p>\n<ul>\n<li>Desenvolvimento de plataformas de casino online<\/li>\n<li>Personaliza\u00e7\u00e3o do est\u00fadio de jogos<\/li>\n<li>Aplica\u00e7\u00f5es de entretenimento com moeda virtual<\/li>\n<li>Plataforma em utiliza\u00e7\u00e3o: https:\/\/www.playstar.net\/<\/li>\n<\/ul>\n<p><img fetchpriority=\"high\" decoding=\"async\" class=\"aligncenter size-full wp-image-9074\" src=\"https:\/\/sharewalker.com\/wp-content\/uploads\/2025\/03\/10017-21.png\" alt=\"\" width=\"660\" height=\"360\" srcset=\"https:\/\/sharewalker.com\/wp-content\/uploads\/2025\/03\/10017-21.png 660w, https:\/\/sharewalker.com\/wp-content\/uploads\/2025\/03\/10017-21-300x164.png 300w, https:\/\/sharewalker.com\/wp-content\/uploads\/2025\/03\/10017-21-18x10.png 18w\" sizes=\"(max-width: 660px) 100vw, 660px\" \/> <img decoding=\"async\" class=\"aligncenter size-full wp-image-9075\" src=\"https:\/\/sharewalker.com\/wp-content\/uploads\/2025\/03\/10018-20.png\" alt=\"\" width=\"660\" height=\"360\" srcset=\"https:\/\/sharewalker.com\/wp-content\/uploads\/2025\/03\/10018-20.png 660w, https:\/\/sharewalker.com\/wp-content\/uploads\/2025\/03\/10018-20-300x164.png 300w, https:\/\/sharewalker.com\/wp-content\/uploads\/2025\/03\/10018-20-18x10.png 18w\" sizes=\"(max-width: 660px) 100vw, 660px\" \/> <img decoding=\"async\" class=\"aligncenter size-full wp-image-9076\" src=\"https:\/\/sharewalker.com\/wp-content\/uploads\/2025\/03\/10020-6.png\" alt=\"\" width=\"660\" height=\"360\" srcset=\"https:\/\/sharewalker.com\/wp-content\/uploads\/2025\/03\/10020-6.png 660w, https:\/\/sharewalker.com\/wp-content\/uploads\/2025\/03\/10020-6-300x164.png 300w, https:\/\/sharewalker.com\/wp-content\/uploads\/2025\/03\/10020-6-18x10.png 18w\" sizes=\"(max-width: 660px) 100vw, 660px\" \/> <img loading=\"lazy\" decoding=\"async\" class=\"aligncenter size-full wp-image-9077\" src=\"https:\/\/sharewalker.com\/wp-content\/uploads\/2025\/03\/10021-5.png\" alt=\"\" width=\"660\" height=\"360\" srcset=\"https:\/\/sharewalker.com\/wp-content\/uploads\/2025\/03\/10021-5.png 660w, https:\/\/sharewalker.com\/wp-content\/uploads\/2025\/03\/10021-5-300x164.png 300w, https:\/\/sharewalker.com\/wp-content\/uploads\/2025\/03\/10021-5-18x10.png 18w\" sizes=\"(max-width: 660px) 100vw, 660px\" \/> <img loading=\"lazy\" decoding=\"async\" class=\"aligncenter size-full wp-image-9078\" src=\"https:\/\/sharewalker.com\/wp-content\/uploads\/2025\/03\/10022-3.png\" alt=\"\" width=\"660\" height=\"360\" srcset=\"https:\/\/sharewalker.com\/wp-content\/uploads\/2025\/03\/10022-3.png 660w, https:\/\/sharewalker.com\/wp-content\/uploads\/2025\/03\/10022-3-300x164.png 300w, https:\/\/sharewalker.com\/wp-content\/uploads\/2025\/03\/10022-3-18x10.png 18w\" sizes=\"(max-width: 660px) 100vw, 660px\" \/> <img loading=\"lazy\" decoding=\"async\" class=\"aligncenter size-full wp-image-9079\" src=\"https:\/\/sharewalker.com\/wp-content\/uploads\/2025\/03\/10026.png\" alt=\"\" width=\"660\" height=\"360\" srcset=\"https:\/\/sharewalker.com\/wp-content\/uploads\/2025\/03\/10026.png 660w, https:\/\/sharewalker.com\/wp-content\/uploads\/2025\/03\/10026-300x164.png 300w, https:\/\/sharewalker.com\/wp-content\/uploads\/2025\/03\/10026-18x10.png 18w\" sizes=\"(max-width: 660px) 100vw, 660px\" \/> <img loading=\"lazy\" decoding=\"async\" class=\"aligncenter size-full wp-image-9080\" src=\"https:\/\/sharewalker.com\/wp-content\/uploads\/2025\/03\/10027.png\" alt=\"\" width=\"660\" height=\"360\" srcset=\"https:\/\/sharewalker.com\/wp-content\/uploads\/2025\/03\/10027.png 660w, https:\/\/sharewalker.com\/wp-content\/uploads\/2025\/03\/10027-300x164.png 300w, https:\/\/sharewalker.com\/wp-content\/uploads\/2025\/03\/10027-18x10.png 18w\" sizes=\"(max-width: 660px) 100vw, 660px\" \/> <img loading=\"lazy\" decoding=\"async\" class=\"aligncenter size-full wp-image-9081\" src=\"https:\/\/sharewalker.com\/wp-content\/uploads\/2025\/03\/10029.png\" alt=\"\" width=\"660\" height=\"360\" srcset=\"https:\/\/sharewalker.com\/wp-content\/uploads\/2025\/03\/10029.png 660w, https:\/\/sharewalker.com\/wp-content\/uploads\/2025\/03\/10029-300x164.png 300w, https:\/\/sharewalker.com\/wp-content\/uploads\/2025\/03\/10029-18x10.png 18w\" sizes=\"(max-width: 660px) 100vw, 660px\" \/> <img loading=\"lazy\" decoding=\"async\" class=\"aligncenter size-full wp-image-9082\" src=\"https:\/\/sharewalker.com\/wp-content\/uploads\/2025\/03\/10033.png\" alt=\"\" width=\"660\" height=\"360\" srcset=\"https:\/\/sharewalker.com\/wp-content\/uploads\/2025\/03\/10033.png 660w, https:\/\/sharewalker.com\/wp-content\/uploads\/2025\/03\/10033-300x164.png 300w, https:\/\/sharewalker.com\/wp-content\/uploads\/2025\/03\/10033-18x10.png 18w\" sizes=\"(max-width: 660px) 100vw, 660px\" \/> <img loading=\"lazy\" decoding=\"async\" class=\"aligncenter size-full wp-image-9083\" src=\"https:\/\/sharewalker.com\/wp-content\/uploads\/2025\/03\/10034.png\" alt=\"\" width=\"660\" height=\"360\" srcset=\"https:\/\/sharewalker.com\/wp-content\/uploads\/2025\/03\/10034.png 660w, https:\/\/sharewalker.com\/wp-content\/uploads\/2025\/03\/10034-300x164.png 300w, https:\/\/sharewalker.com\/wp-content\/uploads\/2025\/03\/10034-18x10.png 18w\" sizes=\"(max-width: 660px) 100vw, 660px\" \/> <img loading=\"lazy\" decoding=\"async\" class=\"aligncenter size-full wp-image-9084\" src=\"https:\/\/sharewalker.com\/wp-content\/uploads\/2025\/03\/10035.png\" alt=\"\" width=\"660\" height=\"360\" srcset=\"https:\/\/sharewalker.com\/wp-content\/uploads\/2025\/03\/10035.png 660w, https:\/\/sharewalker.com\/wp-content\/uploads\/2025\/03\/10035-300x164.png 300w, https:\/\/sharewalker.com\/wp-content\/uploads\/2025\/03\/10035-18x10.png 18w\" sizes=\"(max-width: 660px) 100vw, 660px\" \/> <img loading=\"lazy\" decoding=\"async\" class=\"aligncenter size-full wp-image-9085\" src=\"https:\/\/sharewalker.com\/wp-content\/uploads\/2025\/03\/10036.png\" alt=\"\" width=\"660\" height=\"360\" srcset=\"https:\/\/sharewalker.com\/wp-content\/uploads\/2025\/03\/10036.png 660w, https:\/\/sharewalker.com\/wp-content\/uploads\/2025\/03\/10036-300x164.png 300w, https:\/\/sharewalker.com\/wp-content\/uploads\/2025\/03\/10036-18x10.png 18w\" sizes=\"(max-width: 660px) 100vw, 660px\" \/> <img loading=\"lazy\" decoding=\"async\" class=\"aligncenter size-full wp-image-9086\" src=\"https:\/\/sharewalker.com\/wp-content\/uploads\/2025\/03\/10037.png\" alt=\"\" width=\"660\" height=\"360\" \/> <img loading=\"lazy\" decoding=\"async\" class=\"aligncenter size-full wp-image-9087\" src=\"https:\/\/sharewalker.com\/wp-content\/uploads\/2025\/03\/10038.png\" alt=\"\" width=\"660\" height=\"360\" srcset=\"https:\/\/sharewalker.com\/wp-content\/uploads\/2025\/03\/10038.png 660w, https:\/\/sharewalker.com\/wp-content\/uploads\/2025\/03\/10038-300x164.png 300w, https:\/\/sharewalker.com\/wp-content\/uploads\/2025\/03\/10038-18x10.png 18w\" sizes=\"(max-width: 660px) 100vw, 660px\" \/> <img loading=\"lazy\" decoding=\"async\" class=\"aligncenter size-full wp-image-9088\" src=\"https:\/\/sharewalker.com\/wp-content\/uploads\/2025\/03\/10039.png\" alt=\"\" width=\"660\" height=\"360\" \/> <img loading=\"lazy\" decoding=\"async\" class=\"aligncenter size-full wp-image-9089\" src=\"https:\/\/sharewalker.com\/wp-content\/uploads\/2025\/03\/10040.png\" alt=\"\" width=\"660\" height=\"360\" srcset=\"https:\/\/sharewalker.com\/wp-content\/uploads\/2025\/03\/10040.png 660w, https:\/\/sharewalker.com\/wp-content\/uploads\/2025\/03\/10040-300x164.png 300w, https:\/\/sharewalker.com\/wp-content\/uploads\/2025\/03\/10040-18x10.png 18w\" sizes=\"(max-width: 660px) 100vw, 660px\" \/><\/p>\n<p>&nbsp;<\/p>","protected":false},"excerpt":{"rendered":"<p>O pacote de c\u00f3digo-fonte PlayStar.net oferece uma solu\u00e7\u00e3o completa de jogos em HTML5 com slots interactivos e jogos de cartas, sistemas de recompensa personaliz\u00e1veis e suporte multiplataforma para acelerar o lan\u00e7amento de plataformas de jogos lucrativas.<\/p>","protected":false},"featured_media":9086,"comment_status":"open","ping_status":"closed","template":"","meta":{"_uag_custom_page_level_css":"","site-sidebar-layout":"default","site-content-layout":"","ast-site-content-layout":"default","site-content-style":"default","site-sidebar-style":"default","ast-global-header-display":"","ast-banner-title-visibility":"","ast-main-header-display":"","ast-hfb-above-header-display":"","ast-hfb-below-header-display":"","ast-hfb-mobile-header-display":"","site-post-title":"","ast-breadcrumbs-content":"","ast-featured-img":"","footer-sml-layout":"","theme-transparent-header-meta":"default","adv-header-id-meta":"","stick-header-meta":"","header-above-stick-meta":"","header-main-stick-meta":"","header-below-stick-meta":"","astra-migrate-meta-layouts":"set","ast-page-background-enabled":"default","ast-page-background-meta":{"desktop":{"background-color":"var(--ast-global-color-4)","background-image":"","background-repeat":"repeat","background-position":"center center","background-size":"auto","background-attachment":"scroll","background-type":"","background-media":"","overlay-type":"","overlay-color":"","overlay-opacity":"","overlay-gradient":""},"tablet":{"background-color":"","background-image":"","background-repeat":"repeat","background-position":"center center","background-size":"auto","background-attachment":"scroll","background-type":"","background-media":"","overlay-type":"","overlay-color":"","overlay-opacity":"","overlay-gradient":""},"mobile":{"background-color":"","background-image":"","background-repeat":"repeat","background-position":"center center","background-size":"auto","background-attachment":"scroll","background-type":"","background-media":"","overlay-type":"","overlay-color":"","overlay-opacity":"","overlay-gradient":""}},"ast-content-background-meta":{"desktop":{"background-color":"var(--ast-global-color-5)","background-image":"","background-repeat":"repeat","background-position":"center center","background-size":"auto","background-attachment":"scroll","background-type":"","background-media":"","overlay-type":"","overlay-color":"","overlay-opacity":"","overlay-gradient":""},"tablet":{"background-color":"var(--ast-global-color-5)","background-image":"","background-repeat":"repeat","background-position":"center center","background-size":"auto","background-attachment":"scroll","background-type":"","background-media":"","overlay-type":"","overlay-color":"","overlay-opacity":"","overlay-gradient":""},"mobile":{"background-color":"var(--ast-global-color-5)","background-image":"","background-repeat":"repeat","background-position":"center center","background-size":"auto","background-attachment":"scroll","background-type":"","background-media":"","overlay-type":"","overlay-color":"","overlay-opacity":"","overlay-gradient":""}}},"product_brand":[],"product_cat":[62],"product_tag":[566,563,567,564,565],"class_list":{"0":"post-9072","1":"product","2":"type-product","3":"status-publish","4":"has-post-thumbnail","6":"product_cat-gaming","7":"product_tag-high-multiplier-reward-system","8":"product_tag-html5-game-source-code","9":"product_tag-lucky-strike-feature","10":"product_tag-online-casino-platform","11":"product_tag-slot-machine-development","12":"desktop-align-left","13":"tablet-align-left","14":"mobile-align-left","16":"first","17":"instock","18":"shipping-taxable","19":"product-type-simple"},"uagb_featured_image_src":{"full":["https:\/\/sharewalker.com\/wp-content\/uploads\/2025\/03\/10037-e1743252616639.png",426,360,false],"thumbnail":["https:\/\/sharewalker.com\/wp-content\/uploads\/2025\/03\/10037-e1743252616639-150x150.png",150,150,true],"medium":["https:\/\/sharewalker.com\/wp-content\/uploads\/2025\/03\/10037-e1743252616639-300x254.png",300,254,true],"medium_large":["https:\/\/sharewalker.com\/wp-content\/uploads\/2025\/03\/10037-e1743252616639.png",426,360,false],"large":["https:\/\/sharewalker.com\/wp-content\/uploads\/2025\/03\/10037-e1743252616639.png",426,360,false],"1536x1536":["https:\/\/sharewalker.com\/wp-content\/uploads\/2025\/03\/10037-e1743252616639.png",426,360,false],"2048x2048":["https:\/\/sharewalker.com\/wp-content\/uploads\/2025\/03\/10037-e1743252616639.png",426,360,false],"trp-custom-language-flag":["https:\/\/sharewalker.com\/wp-content\/uploads\/2025\/03\/10037-e1743252616639-14x12.png",14,12,true],"woocommerce_thumbnail":["https:\/\/sharewalker.com\/wp-content\/uploads\/2025\/03\/10037-e1743252616639-300x300.png",300,300,true],"woocommerce_single":["https:\/\/sharewalker.com\/wp-content\/uploads\/2025\/03\/10037-e1743252616639-300x254.png",300,254,true],"woocommerce_gallery_thumbnail":["https:\/\/sharewalker.com\/wp-content\/uploads\/2025\/03\/10037-e1743252616639-100x100.png",100,100,true]},"uagb_author_info":{"display_name":"admin","author_link":"https:\/\/sharewalker.com\/pt\/author\/"},"uagb_comment_info":6,"uagb_excerpt":"The PlayStar.net source code bundle offers a complete HTML5 gaming solution with interactive slots and card games, customizable reward systems, and cross-platform support to fast-track profitable gaming platform launches.","_links":{"self":[{"href":"https:\/\/sharewalker.com\/pt\/wp-json\/wp\/v2\/product\/9072","targetHints":{"allow":["GET"]}}],"collection":[{"href":"https:\/\/sharewalker.com\/pt\/wp-json\/wp\/v2\/product"}],"about":[{"href":"https:\/\/sharewalker.com\/pt\/wp-json\/wp\/v2\/types\/product"}],"replies":[{"embeddable":true,"href":"https:\/\/sharewalker.com\/pt\/wp-json\/wp\/v2\/comments?post=9072"}],"version-history":[{"count":0,"href":"https:\/\/sharewalker.com\/pt\/wp-json\/wp\/v2\/product\/9072\/revisions"}],"wp:featuredmedia":[{"embeddable":true,"href":"https:\/\/sharewalker.com\/pt\/wp-json\/wp\/v2\/media\/9086"}],"wp:attachment":[{"href":"https:\/\/sharewalker.com\/pt\/wp-json\/wp\/v2\/media?parent=9072"}],"wp:term":[{"taxonomy":"product_brand","embeddable":true,"href":"https:\/\/sharewalker.com\/pt\/wp-json\/wp\/v2\/product_brand?post=9072"},{"taxonomy":"product_cat","embeddable":true,"href":"https:\/\/sharewalker.com\/pt\/wp-json\/wp\/v2\/product_cat?post=9072"},{"taxonomy":"product_tag","embeddable":true,"href":"https:\/\/sharewalker.com\/pt\/wp-json\/wp\/v2\/product_tag?post=9072"}],"curies":[{"name":"wp","href":"https:\/\/api.w.org\/{rel}","templated":true}]}}